{"id":26220,"date":"2018-05-10T15:49:47","date_gmt":"2018-05-10T14:49:47","guid":{"rendered":"https:\/\/www.hotel-castri.com\/homepage\/"},"modified":"2023-01-28T09:43:39","modified_gmt":"2023-01-28T09:43:39","slug":"startseite","status":"publish","type":"page","link":"https:\/\/www.hotel-castri.com\/de\/","title":{"rendered":"Startseite"},"content":{"rendered":"<p>[et_pb_section fb_built=&#8221;1&#8243; fullwidth=&#8221;on&#8221; _builder_version=&#8221;4.16&#8243; global_colors_info=&#8221;{}&#8221;][et_pb_fullwidth_slider _builder_version=&#8221;4.19.2&#8243; hover_enabled=&#8221;0&#8243; global_colors_info=&#8221;{}&#8221; button_text_size__hover_enabled=&#8221;off&#8221; button_one_text_size__hover_enabled=&#8221;off&#8221; button_two_text_size__hover_enabled=&#8221;off&#8221; button_text_color__hover_enabled=&#8221;off&#8221; button_one_text_color__hover_enabled=&#8221;off&#8221; button_two_text_color__hover_enabled=&#8221;off&#8221; button_border_width__hover_enabled=&#8221;off&#8221; button_one_border_width__hover_enabled=&#8221;off&#8221; button_two_border_width__hover_enabled=&#8221;off&#8221; button_border_color__hover_enabled=&#8221;off&#8221; button_one_border_color__hover_enabled=&#8221;off&#8221; button_two_border_color__hover_enabled=&#8221;off&#8221; button_border_radius__hover_enabled=&#8221;off&#8221; button_one_border_radius__hover_enabled=&#8221;off&#8221; button_two_border_radius__hover_enabled=&#8221;off&#8221; button_letter_spacing__hover_enabled=&#8221;off&#8221; button_one_letter_spacing__hover_enabled=&#8221;off&#8221; button_two_letter_spacing__hover_enabled=&#8221;off&#8221; button_bg_color__hover_enabled=&#8221;off&#8221; button_one_bg_color__hover_enabled=&#8221;off&#8221; button_two_bg_color__hover_enabled=&#8221;off&#8221; sticky_enabled=&#8221;0&#8243;][et_pb_slide heading=&#8221;Willkommen zu den Hotels KASTRI &#038; KASTRI ENA!&#8221; use_bg_overlay=&#8221;off&#8221; use_text_overlay=&#8221;off&#8221; _builder_version=&#8221;4.19.2&#8243; background_image=&#8221;https:\/\/www.hotel-castri.com\/wp-content\/uploads\/2018\/05\/IMG_4289.jpg&#8221; button_on_hover=&#8221;on&#8221; hover_enabled=&#8221;0&#8243; global_colors_info=&#8221;{}&#8221; button_text_size__hover_enabled=&#8221;off&#8221; button_one_text_size__hover_enabled=&#8221;off&#8221; button_two_text_size__hover_enabled=&#8221;off&#8221; button_text_color__hover_enabled=&#8221;off&#8221; button_one_text_color__hover_enabled=&#8221;off&#8221; button_two_text_color__hover_enabled=&#8221;off&#8221; button_border_width__hover_enabled=&#8221;off&#8221; button_one_border_width__hover_enabled=&#8221;off&#8221; button_two_border_width__hover_enabled=&#8221;off&#8221; button_border_color__hover_enabled=&#8221;off&#8221; button_one_border_color__hover_enabled=&#8221;off&#8221; button_two_border_color__hover_enabled=&#8221;off&#8221; button_border_radius__hover_enabled=&#8221;off&#8221; button_one_border_radius__hover_enabled=&#8221;off&#8221; button_two_border_radius__hover_enabled=&#8221;off&#8221; button_letter_spacing__hover_enabled=&#8221;off&#8221; button_one_letter_spacing__hover_enabled=&#8221;off&#8221; button_two_letter_spacing__hover_enabled=&#8221;off&#8221; button_bg_color__hover_enabled=&#8221;off&#8221; button_one_bg_color__hover_enabled=&#8221;off&#8221; button_two_bg_color__hover_enabled=&#8221;off&#8221; sticky_transition=&#8221;on&#8221; sticky_enabled=&#8221;0&#8243;][\/et_pb_slide][\/et_pb_fullwidth_slider][\/et_pb_section][et_pb_section fb_built=&#8221;1&#8243; _builder_version=&#8221;4.16&#8243; global_colors_info=&#8221;{}&#8221;][et_pb_row _builder_version=&#8221;4.16&#8243; background_color=&#8221;#ffffff&#8221; custom_margin=&#8221;-100px|||&#8221; custom_padding=&#8221;20px|20px|20px|20px&#8221; box_shadow_style=&#8221;preset6&#8243; global_colors_info=&#8221;{}&#8221;][et_pb_column type=&#8221;4_4&#8243; _builder_version=&#8221;4.16&#8243; custom_padding=&#8221;|||&#8221; global_colors_info=&#8221;{}&#8221; custom_padding__hover=&#8221;|||&#8221;][et_pb_text _builder_version=&#8221;4.19.2&#8243; text_font=&#8221;Arial|700||on|||||&#8221; text_text_color=&#8221;#0c71c3&#8243; header_text_color=&#8221;#0c71c3&#8243; text_orientation=&#8221;center&#8221; hover_enabled=&#8221;0&#8243; text_text_shadow_style=&#8221;preset2&#8243; global_colors_info=&#8221;{}&#8221; sticky_enabled=&#8221;0&#8243;]<\/p>\n<h2>Hotels Kastri und Kastri Ena \u2013 Delphi<br \/>\n\u200b<\/h2>\n<p>[\/et_pb_text][et_pb_text _builder_version=&#8221;4.19.2&#8243; text_orientation=&#8221;center&#8221; hover_enabled=&#8221;0&#8243; global_colors_info=&#8221;{}&#8221; sticky_enabled=&#8221;0&#8243;]<\/p>\n<p style=\"text-align: center;\">In Delphi, in einer ruhigen Stra\u00dfe in der N\u00e4he des Dorfzentrums, befindet sich der kleine Familienhotelbetrieb KASTRI (Castri). Das urspr\u00fcngliche Hotel KASTRI \u2013 Syggrou 23 und das neuere Hotel KASTRI ENA \u2013 Syggrou 21 liegen nebeneinander. Sie verf\u00fcgen \u00fcber eine Rezeption mit Aufenthaltsraum, Fr\u00fchst\u00fccksraum, Aufenthaltsraum mit Kamin, kostenloses WLAN, TV und insgesamt 39 Zimmer.<\/p>\n<p style=\"text-align: center;\">Ihre idyllische Lage bietet Ihnen einen wunderbaren Panoramablick auf das Dorf und die Umgebung.<\/p>\n<p style=\"text-align: center;\">In der N\u00e4he befinden sich das arch\u00e4ologische Museum und die bekannte arch\u00e4ologische St\u00e4tte des antiken Delphi, wo Sie wunderbare Funde und \u00dcberreste aus dem vorchristlichen Griechenland \u00a0bewundern k\u00f6nnen. Es lohnt sich, das Dorf und die Umgebung zu erkunden und die wunderbare Landschaft zu genie\u00dfen, die Berg, Wald und Meer vereint.<\/p>\n<p>[\/et_pb_text][et_pb_text _builder_version=&#8221;4.19.2&#8243; _module_preset=&#8221;default&#8221; hover_enabled=&#8221;0&#8243; global_colors_info=&#8221;{}&#8221; sticky_enabled=&#8221;0&#8243;]<\/p>\n<p><!-- bookingWidget requires jQuery and jQueryUI --><br \/><!-- Include the following line ONCE ONLY on the page, preferably in the document head --><br \/><script src='https:\/\/media.xmlcal.com\/widget\/1.00\/js\/bookWidget.min.js'><\/script> <!-- Place this div on your page where you want the widget to show --> <\/p>\n<div id=\"bookWidget-29865-136372-0-1623865361\">\u00a0<\/div>\n<p><!-- The following will initialize the widget in the above div --> <script>\njQuery(document).ready(function() {\n\tjQuery('#bookWidget-29865-136372-0-1623865361').bookWidget({\n\t\tpropid:136372,\n\t\tbackgroundColor:'transparent',\n\t\tformAction:'https:\/\/www.traveldataservice.de\/booking.php',\n\t\treferer:'Direct',\n\t\twidgetLang:'de',\n\t\twidgetType:'BookingStrip'\n\t});\n});\n<\/script><\/p>\n<p>[\/et_pb_text][\/et_pb_column][\/et_pb_row][et_pb_row use_custom_gutter=&#8221;on&#8221; gutter_width=&#8221;2&#8243; make_equal=&#8221;on&#8221; module_class=&#8221; et_pb_row_fullwidth&#8221; _builder_version=&#8221;4.16&#8243; width=&#8221;94%&#8221; width_tablet=&#8221;80%&#8221; width_phone=&#8221;&#8221; width_last_edited=&#8221;on|desktop&#8221; max_width=&#8221;94%&#8221; max_width_tablet=&#8221;80%&#8221; max_width_phone=&#8221;&#8221; max_width_last_edited=&#8221;on|desktop&#8221; module_alignment=&#8221;center&#8221; custom_padding=&#8221;20px|20px|20px|20px&#8221; make_fullwidth=&#8221;on&#8221; global_colors_info=&#8221;{}&#8221;][et_pb_column type=&#8221;4_4&#8243; _builder_version=&#8221;4.16&#8243; custom_padding=&#8221;|||&#8221; global_colors_info=&#8221;{}&#8221; custom_padding__hover=&#8221;|||&#8221;][et_pb_gallery gallery_ids=&#8221;25983,25989,25986,26574&#8243; orientation=&#8221;portrait&#8221; show_title_and_caption=&#8221;off&#8221; show_pagination=&#8221;off&#8221; _builder_version=&#8221;4.19.2&#8243; animation_style=&#8221;slide&#8221; animation_starting_opacity=&#8221;6%&#8221; hover_enabled=&#8221;0&#8243; global_colors_info=&#8221;{}&#8221; sticky_enabled=&#8221;0&#8243;][\/et_pb_gallery][\/et_pb_column][\/et_pb_row][\/et_pb_section]<\/p>\n","protected":false},"excerpt":{"rendered":"<p>Hotels Kastri und Kastri Ena \u2013 Delphi \u200bIn Delphi, in einer ruhigen Stra\u00dfe in der N\u00e4he des Dorfzentrums, befindet sich der kleine Familienhotelbetrieb KASTRI (Castri). Das urspr\u00fcngliche Hotel KASTRI \u2013 Syggrou 23 und das neuere Hotel KASTRI ENA \u2013 Syggrou 21 liegen nebeneinander. Sie verf\u00fcgen \u00fcber eine Rezeption mit Aufenthaltsraum, Fr\u00fchst\u00fccksraum, Aufenthaltsraum mit Kamin, kostenloses [&hellip;]<\/p>\n","protected":false},"author":1,"featured_media":0,"parent":0,"menu_order":0,"comment_status":"closed","ping_status":"closed","template":"","meta":{"_et_pb_use_builder":"on","_et_pb_old_content":"","_et_gb_content_width":"","footnotes":""},"class_list":["post-26220","page","type-page","status-publish","hentry"],"_links":{"self":[{"href":"https:\/\/www.hotel-castri.com\/de\/wp-json\/wp\/v2\/pages\/26220","targetHints":{"allow":["GET"]}}],"collection":[{"href":"https:\/\/www.hotel-castri.com\/de\/wp-json\/wp\/v2\/pages"}],"about":[{"href":"https:\/\/www.hotel-castri.com\/de\/wp-json\/wp\/v2\/types\/page"}],"author":[{"embeddable":true,"href":"https:\/\/www.hotel-castri.com\/de\/wp-json\/wp\/v2\/users\/1"}],"replies":[{"embeddable":true,"href":"https:\/\/www.hotel-castri.com\/de\/wp-json\/wp\/v2\/comments?post=26220"}],"version-history":[{"count":5,"href":"https:\/\/www.hotel-castri.com\/de\/wp-json\/wp\/v2\/pages\/26220\/revisions"}],"predecessor-version":[{"id":26642,"href":"https:\/\/www.hotel-castri.com\/de\/wp-json\/wp\/v2\/pages\/26220\/revisions\/26642"}],"wp:attachment":[{"href":"https:\/\/www.hotel-castri.com\/de\/wp-json\/wp\/v2\/media?parent=26220"}],"curies":[{"name":"wp","href":"https:\/\/api.w.org\/{rel}","templated":true}]}}