{"id":26213,"date":"2018-05-10T16:31:06","date_gmt":"2018-05-10T15:31:06","guid":{"rendered":"https:\/\/www.hotel-castri.com\/hotel\/"},"modified":"2023-01-28T09:55:42","modified_gmt":"2023-01-28T09:55:42","slug":"hotel","status":"publish","type":"page","link":"https:\/\/www.hotel-castri.com\/de\/hotel\/","title":{"rendered":"Castri"},"content":{"rendered":"<p>[et_pb_section fb_built=&#8221;1&#8243; fullwidth=&#8221;on&#8221; custom_padding_last_edited=&#8221;on|desktop&#8221; _builder_version=&#8221;4.16&#8243; background_color=&#8221;rgba(255,255,255,0)&#8221; parallax=&#8221;on&#8221; parallax_method=&#8221;off&#8221; custom_padding_tablet=&#8221;50px|0|50px|0&#8243; custom_padding_phone=&#8221;&#8221; transparent_background=&#8221;on&#8221; padding_mobile=&#8221;off&#8221; global_colors_info=&#8221;{}&#8221;][et_pb_fullwidth_header title=&#8221;Hotel Castri&#8221; subhead=&#8221;f\u00fcr sch\u00f6ne und erholsame Ferien&#8221; text_orientation=&#8221;center&#8221; header_fullscreen=&#8221;on&#8221; _builder_version=&#8221;4.19.2&#8243; title_font=&#8221;Calligraffitti|on|||&#8221; title_font_size=&#8221;47px&#8221; subhead_font_size=&#8221;25px&#8221; background_color=&#8221;rgba(255,255,255,0)&#8221; background_image=&#8221;https:\/\/www.hotel-castri.com\/wp-content\/uploads\/2022\/12\/Outside21-23-scaled.jpg&#8221; parallax=&#8221;on&#8221; hover_enabled=&#8221;0&#8243; background_url=&#8221;https:\/\/www.hotel-castri.com\/wp-content\/uploads\/2018\/05\/suites_georgiadis_04.jpg&#8221; global_colors_info=&#8221;{}&#8221; button_one_text_size__hover_enabled=&#8221;off&#8221; button_two_text_size__hover_enabled=&#8221;off&#8221; button_one_text_color__hover_enabled=&#8221;off&#8221; button_two_text_color__hover_enabled=&#8221;off&#8221; button_one_border_width__hover_enabled=&#8221;off&#8221; button_two_border_width__hover_enabled=&#8221;off&#8221; button_one_border_color__hover_enabled=&#8221;off&#8221; button_two_border_color__hover_enabled=&#8221;off&#8221; button_one_border_radius__hover_enabled=&#8221;off&#8221; button_two_border_radius__hover_enabled=&#8221;off&#8221; button_one_letter_spacing__hover_enabled=&#8221;off&#8221; button_two_letter_spacing__hover_enabled=&#8221;off&#8221; button_one_bg_color__hover_enabled=&#8221;off&#8221; button_two_bg_color__hover_enabled=&#8221;off&#8221; sticky_enabled=&#8221;0&#8243;][\/et_pb_fullwidth_header][\/et_pb_section][et_pb_section fb_built=&#8221;1&#8243; use_custom_gutter=&#8221;on&#8221; gutter_width=&#8221;2&#8243; specialty=&#8221;on&#8221; custom_padding_last_edited=&#8221;on|desktop&#8221; parallax_method_1=&#8221;off&#8221; parallax_method_2=&#8221;off&#8221; parallax_method_3=&#8221;off&#8221; padding_bottom_1=&#8221;-2px&#8221; padding_bottom_2=&#8221;-2px&#8221; padding_bottom_3=&#8221;-2px&#8221; module_class=&#8221; et_pb_specialty_fullwidth&#8221; _builder_version=&#8221;4.16&#8243; inner_width=&#8221;94%&#8221; inner_width_tablet=&#8221;80%&#8221; inner_width_phone=&#8221;80%&#8221; inner_width_last_edited=&#8221;on|desktop&#8221; inner_max_width=&#8221;94%&#8221; inner_max_width_tablet=&#8221;80%&#8221; inner_max_width_phone=&#8221;80%&#8221; inner_max_width_last_edited=&#8221;on|desktop&#8221; custom_padding_tablet=&#8221;50px|0|50px|0&#8243; custom_padding_phone=&#8221;&#8221; transparent_background=&#8221;off&#8221; padding_mobile=&#8221;off&#8221; make_fullwidth=&#8221;on&#8221; global_colors_info=&#8221;{}&#8221;][et_pb_column type=&#8221;1_4&#8243; _builder_version=&#8221;4.16&#8243; custom_padding=&#8221;|||&#8221; global_colors_info=&#8221;{}&#8221; custom_padding__hover=&#8221;|||&#8221;][et_pb_text _builder_version=&#8221;4.19.2&#8243; background_size=&#8221;initial&#8221; background_position=&#8221;top_left&#8221; background_repeat=&#8221;repeat&#8221; hover_enabled=&#8221;0&#8243; use_border_color=&#8221;off&#8221; border_color=&#8221;#ffffff&#8221; border_style=&#8221;solid&#8221; global_colors_info=&#8221;{}&#8221; sticky_enabled=&#8221;0&#8243;]- 24 Zimmer (verschiedene Zimmertypen)<\/p>\n<p>&#8211; Rezeption 16 Stunden ge\u00f6ffnet (07:00-23:00)<br \/>\n&#8211; Rezeption 16 Stunden ge\u00f6ffnet (07:00-23:00)<br \/>\n&#8211; Express-Checkout-Service<br \/>\n&#8211; Zentraltresor<br \/>\n&#8211; Gep\u00e4cktransferservice<br \/>\n&#8211; Internet Zugang<br \/>\n&#8211; Gemeinsam genutzter Computer und Drucker<br \/>\n&#8211; Gep\u00e4ckaufbewahrung<br \/>\n&#8211; Weckdienst<br \/>\n&#8211; Bereitstellung von Speisen im Hotel in Zusammenarbeit mit einem benachbarten Restaurant<br \/>\n&#8211; Zimmerservice: von 07:00 bis 19:00 Uhr<br \/>\n&#8211; Transferservice<br \/>\n&#8211; Trockenreinigungsservice<br \/>\n&#8211; Bereitstellung von Tageszeitungen und Zeitschriften<br \/>\n[\/et_pb_text][et_pb_image src=&#8221;https:\/\/www.hotel-castri.com\/wp-content\/uploads\/2022\/12\/RECEPTION23-scaled.jpg&#8221; title_text=&#8221;RECEPTION23&#8243; show_in_lightbox=&#8221;on&#8221; show_bottom_space=&#8221;off&#8221; align=&#8221;center&#8221; align_tablet=&#8221;center&#8221; align_phone=&#8221;center&#8221; align_last_edited=&#8221;on|desktop&#8221; _builder_version=&#8221;4.19.2&#8243; animation_style=&#8221;slide&#8221; animation_direction=&#8221;top&#8221; animation_duration=&#8221;500ms&#8221; animation_intensity_slide=&#8221;10%&#8221; border_color_all=&#8221;#ffffff&#8221; border_style_all=&#8221;ridge&#8221; box_shadow_style=&#8221;preset2&#8243; use_border_color=&#8221;on&#8221; border_color=&#8221;#ffffff&#8221; border_width=&#8221;15px&#8221; border_style=&#8221;ridge&#8221; animation=&#8221;top&#8221; sticky=&#8221;on&#8221; global_colors_info=&#8221;{}&#8221;]&nbsp;<br \/>\n[\/et_pb_image][\/et_pb_column][et_pb_column type=&#8221;1_2&#8243; specialty_columns=&#8221;2&#8243; _builder_version=&#8221;4.16&#8243; custom_padding=&#8221;|||&#8221; global_colors_info=&#8221;{}&#8221; custom_padding__hover=&#8221;|||&#8221;][et_pb_row_inner admin_label=&#8221;Row&#8221; _builder_version=&#8221;4.16&#8243; global_colors_info=&#8221;{}&#8221;][et_pb_column_inner saved_specialty_column_type=&#8221;1_2&#8243; _builder_version=&#8221;4.16&#8243; custom_padding=&#8221;|||&#8221; global_colors_info=&#8221;{}&#8221; custom_padding__hover=&#8221;|||&#8221;][et_pb_image src=&#8221;https:\/\/www.hotel-castri.com\/wp-content\/uploads\/2022\/12\/ENTRANCE-23-scaled.jpg&#8221; title_text=&#8221;ENTRANCE 23&#8243; show_in_lightbox=&#8221;on&#8221; align=&#8221;center&#8221; align_tablet=&#8221;center&#8221; align_phone=&#8221;center&#8221; align_last_edited=&#8221;on|desktop&#8221; _builder_version=&#8221;4.19.2&#8243; animation_style=&#8221;slide&#8221; animation_direction=&#8221;left&#8221; animation_duration=&#8221;500ms&#8221; animation_intensity_slide=&#8221;10%&#8221; border_color_all=&#8221;#ffffff&#8221; border_style_all=&#8221;ridge&#8221; box_shadow_style=&#8221;preset3&#8243; use_border_color=&#8221;on&#8221; border_color=&#8221;#ffffff&#8221; border_width=&#8221;15px&#8221; border_style=&#8221;ridge&#8221; animation=&#8221;left&#8221; sticky=&#8221;off&#8221; global_colors_info=&#8221;{}&#8221;]&nbsp;<br \/>\n[\/et_pb_image][et_pb_text _builder_version=&#8221;4.19.2&#8243; background_size=&#8221;initial&#8221; background_position=&#8221;top_left&#8221; background_repeat=&#8221;repeat&#8221; hover_enabled=&#8221;0&#8243; border_style=&#8221;solid&#8221; global_colors_info=&#8221;{}&#8221; sticky_enabled=&#8221;0&#8243;]<\/p>\n<p>Das urspr\u00fcngliche Hotel des Familienunternehmens KASTRI &#8211; Eingang Sygrou 23 bietet bereits seit f\u00fcnf Jahrzehnten eine warme und angenehme Umgebung f\u00fcr die Besucher der Stadt Delphi an. Es verf\u00fcgt \u00fcber einen Fr\u00fchst\u00fccksraum und eine Kaminecke, 15 Doppelzimmer mit Balkon und Panoramablick sowie Dreibett- und Vierbettzimmer f\u00fcr Familien mit Kindern. Die meisten Zimmer verf\u00fcgen \u00fcber 2 Einzelbetten und sind f\u00fcr Gruppen von Studenten oder Sch\u00fclern, die die arch\u00e4ologische St\u00e4tte besuchen m\u00f6chten, geeignet. Wir bieten die Zimmer mit Fr\u00fchst\u00fcck oder Halbpension (Mittag- oder Abendessen) an. Das Mittag-\/Abendessen findet in einem Partnerrestaurant statt, welches sich auf der Hauptstra\u00dfe von Delphi befindet.<\/p>\n<p>&nbsp;<\/p>\n<p>[\/et_pb_text][\/et_pb_column_inner][\/et_pb_row_inner][\/et_pb_column][et_pb_column type=&#8221;1_4&#8243; _builder_version=&#8221;4.16&#8243; custom_padding=&#8221;|||&#8221; global_colors_info=&#8221;{}&#8221; custom_padding__hover=&#8221;|||&#8221;][et_pb_text _builder_version=&#8221;4.19.2&#8243; background_size=&#8221;initial&#8221; background_position=&#8221;top_left&#8221; background_repeat=&#8221;repeat&#8221; hover_enabled=&#8221;0&#8243; use_border_color=&#8221;off&#8221; border_color=&#8221;#ffffff&#8221; border_style=&#8221;solid&#8221; global_colors_info=&#8221;{}&#8221; sticky_enabled=&#8221;0&#8243;]<\/p>\n<h2>Zimmer-Austtatung<\/h2>\n<p>&#8211; Klimaanlage<br \/>\n&#8211; Schlie\u00dffach<br \/>\n&#8211; Fernseher<br \/>\n&#8211; K\u00fchlschrank<br \/>\n&#8211; Internet Zugang<br \/>\n&#8211; M\u00f6glichkeit, ein Kinderbett hinzuzuf\u00fcgen<br \/>\n&#8211; Service \u2013 Wecker<br \/>\n&#8211; M\u00f6glichkeit, das Fr\u00fchst\u00fcck in den Zimmern zu servieren<br \/>\n&#8211; Handtuchwechsel auf Anfrage<\/p>\n<p>[\/et_pb_text][et_pb_image src=&#8221;https:\/\/www.hotel-castri.com\/wp-content\/uploads\/2022\/12\/23-TWIN-5-scaled.jpg&#8221; title_text=&#8221;23-TWIN-5&#8243; show_in_lightbox=&#8221;on&#8221; show_bottom_space=&#8221;off&#8221; align_tablet=&#8221;center&#8221; align_phone=&#8221;center&#8221; align_last_edited=&#8221;on|desktop&#8221; _builder_version=&#8221;4.19.2&#8243; animation_style=&#8221;slide&#8221; animation_direction=&#8221;top&#8221; animation_duration=&#8221;500ms&#8221; animation_intensity_slide=&#8221;10%&#8221; border_color_all=&#8221;#ffffff&#8221; border_style_all=&#8221;ridge&#8221; box_shadow_style=&#8221;preset2&#8243; use_border_color=&#8221;on&#8221; border_color=&#8221;#ffffff&#8221; border_width=&#8221;15px&#8221; border_style=&#8221;ridge&#8221; animation=&#8221;top&#8221; sticky=&#8221;on&#8221; global_colors_info=&#8221;{}&#8221;]&nbsp;<br \/>\n[\/et_pb_image][\/et_pb_column][\/et_pb_section][et_pb_section fb_built=&#8221;1&#8243; _builder_version=&#8221;4.16&#8243; global_colors_info=&#8221;{}&#8221;][et_pb_row column_structure=&#8221;1_2,1_2&#8243; use_custom_gutter=&#8221;on&#8221; gutter_width=&#8221;1&#8243; make_equal=&#8221;on&#8221; module_class=&#8221; et_pb_row_fullwidth&#8221; _builder_version=&#8221;4.16&#8243; width=&#8221;100%&#8221; width_tablet=&#8221;100%&#8221; width_phone=&#8221;100%&#8221; width_last_edited=&#8221;on|desktop&#8221; max_width=&#8221;100%&#8221; max_width_tablet=&#8221;100%&#8221; max_width_phone=&#8221;100%&#8221; max_width_last_edited=&#8221;on|desktop&#8221; module_alignment=&#8221;center&#8221; custom_padding=&#8221;20px|20px||20px&#8221; box_shadow_style=&#8221;preset1&#8243; make_fullwidth=&#8221;on&#8221; global_colors_info=&#8221;{}&#8221;][et_pb_column type=&#8221;1_2&#8243; _builder_version=&#8221;4.16&#8243; custom_padding=&#8221;|||&#8221; global_colors_info=&#8221;{}&#8221; custom_padding__hover=&#8221;|||&#8221;][et_pb_image src=&#8221;https:\/\/www.hotel-castri.com\/wp-content\/uploads\/2022\/12\/\u0391\u0399\u0398\u039f\u03a5\u03a3\u0391-\u03a0\u03a1\u03a9\u0399\u039d\u039f\u03a5-23-3-scaled.jpg&#8221; title_text=&#8221;\u0391\u0399\u0398\u039f\u03a5\u03a3\u0391 \u03a0\u03a1\u03a9\u0399\u039d\u039f\u03a5 23-3&#8243; align_tablet=&#8221;center&#8221; align_phone=&#8221;center&#8221; align_last_edited=&#8221;on|desktop&#8221; _builder_version=&#8221;4.19.2&#8243; animation_style=&#8221;fold&#8221; animation_delay=&#8221;100ms&#8221; animation_starting_opacity=&#8221;25%&#8221; global_colors_info=&#8221;{}&#8221;]&nbsp;<br \/>\n[\/et_pb_image][\/et_pb_column][et_pb_column type=&#8221;1_2&#8243; _builder_version=&#8221;4.16&#8243; background_color=&#8221;rgba(98,151,193,0.29)&#8221; custom_padding=&#8221;|||&#8221; global_colors_info=&#8221;{}&#8221; custom_padding__hover=&#8221;|||&#8221;][et_pb_text _builder_version=&#8221;4.19.2&#8243; text_font=&#8221;|600|||||||&#8221; text_text_color=&#8221;#000000&#8243; header_font=&#8221;||||||||&#8221; text_orientation=&#8221;center&#8221; custom_margin=&#8221;50px|||&#8221; custom_padding=&#8221;20px|20px|50px|20px&#8221; animation_style=&#8221;fold&#8221; animation_delay=&#8221;100ms&#8221; animation_starting_opacity=&#8221;25%&#8221; hover_enabled=&#8221;0&#8243; global_colors_info=&#8221;{}&#8221; sticky_enabled=&#8221;0&#8243;]<\/p>\n<p><strong>&#8211; Fr\u00fchst\u00fccksdauer: 07:00-11:00 Uhr<\/strong><br \/><strong>&#8211; Zusammensetzung des Fr\u00fchst\u00fccks::<\/strong> Filter-\/ Schnellkaffee oder griechischer Kaffee, Tee, Milch, zwei Sorten frisches Brot, R\u00f6stbrot (Toast), Kuchen, Butter, Margarine, 2 Sorten Marmelade, Honig, K\u00e4se, Aufschnitt, Eier (warm\/kalt), Joghurt, M\u00fcsli, Fruchts\u00e4fte, frisches Obst<\/p>\n<p>&#8211; Fr\u00fcher Fr\u00fchst\u00fccksservice (early breakfast service)<\/p>\n<p>-Fr\u00fchst\u00fcck wird auf Anfrage in speziellen Paketen bereitgestellt<\/p>\n<p>[\/et_pb_text][\/et_pb_column][\/et_pb_row][\/et_pb_section][et_pb_section fb_built=&#8221;1&#8243; _builder_version=&#8221;4.16&#8243; custom_padding=&#8221;0|0px|54px|0px|false|false&#8221; global_colors_info=&#8221;{}&#8221;][et_pb_row use_custom_gutter=&#8221;on&#8221; gutter_width=&#8221;1&#8243; make_equal=&#8221;on&#8221; module_class=&#8221; et_pb_row_fullwidth&#8221; _builder_version=&#8221;4.16&#8243; width=&#8221;100%&#8221; width_tablet=&#8221;100%&#8221; width_phone=&#8221;100%&#8221; width_last_edited=&#8221;on|desktop&#8221; max_width=&#8221;100%&#8221; max_width_tablet=&#8221;100%&#8221; max_width_phone=&#8221;100%&#8221; max_width_last_edited=&#8221;on|desktop&#8221; custom_padding=&#8221;20px|20px|20px|20px&#8221; border_width_all=&#8221;2px&#8221; border_color_all=&#8221;#0c71c3&#8243; border_style_all=&#8221;ridge&#8221; box_shadow_style=&#8221;preset2&#8243; make_fullwidth=&#8221;on&#8221; global_colors_info=&#8221;{}&#8221;][et_pb_column type=&#8221;4_4&#8243; _builder_version=&#8221;4.16&#8243; custom_padding=&#8221;10px|10px|10px|10px&#8221; global_colors_info=&#8221;{}&#8221; custom_padding__hover=&#8221;|||&#8221;][et_pb_gallery gallery_ids=&#8221;26451,26454,26457,26460,26463,26466,26475,26472,26469,26448,26445,26442,26439,26436,26433,26430,26427,26424,26421,26418,26415,26412,26409,26406,26403,26400,26397&#8243; posts_number=&#8221;30&#8243; show_title_and_caption=&#8221;off&#8221; show_pagination=&#8221;off&#8221; zoom_icon_color=&#8221;#2ea3f2&#8243; _builder_version=&#8221;4.19.2&#8243; custom_padding=&#8221;|||&#8221; global_colors_info=&#8221;{}&#8221;]&nbsp;<br \/>\n[\/et_pb_gallery][\/et_pb_column][\/et_pb_row][\/et_pb_section]<\/p>\n","protected":false},"excerpt":{"rendered":"<p>&#8211; 24 Zimmer (verschiedene Zimmertypen) &#8211; Rezeption 16 Stunden ge\u00f6ffnet (07:00-23:00) &#8211; Rezeption 16 Stunden ge\u00f6ffnet (07:00-23:00) &#8211; Express-Checkout-Service &#8211; Zentraltresor &#8211; Gep\u00e4cktransferservice &#8211; Internet Zugang &#8211; Gemeinsam genutzter Computer und Drucker &#8211; Gep\u00e4ckaufbewahrung &#8211; Weckdienst &#8211; Bereitstellung von Speisen im Hotel in Zusammenarbeit mit einem benachbarten Restaurant &#8211; Zimmerservice: von 07:00 bis 19:00 Uhr [&hellip;]<\/p>\n","protected":false},"author":1,"featured_media":0,"parent":0,"menu_order":0,"comment_status":"closed","ping_status":"closed","template":"","meta":{"_et_pb_use_builder":"on","_et_pb_old_content":"","_et_gb_content_width":"","footnotes":""},"class_list":["post-26213","page","type-page","status-publish","hentry"],"_links":{"self":[{"href":"https:\/\/www.hotel-castri.com\/de\/wp-json\/wp\/v2\/pages\/26213","targetHints":{"allow":["GET"]}}],"collection":[{"href":"https:\/\/www.hotel-castri.com\/de\/wp-json\/wp\/v2\/pages"}],"about":[{"href":"https:\/\/www.hotel-castri.com\/de\/wp-json\/wp\/v2\/types\/page"}],"author":[{"embeddable":true,"href":"https:\/\/www.hotel-castri.com\/de\/wp-json\/wp\/v2\/users\/1"}],"replies":[{"embeddable":true,"href":"https:\/\/www.hotel-castri.com\/de\/wp-json\/wp\/v2\/comments?post=26213"}],"version-history":[{"count":5,"href":"https:\/\/www.hotel-castri.com\/de\/wp-json\/wp\/v2\/pages\/26213\/revisions"}],"predecessor-version":[{"id":26650,"href":"https:\/\/www.hotel-castri.com\/de\/wp-json\/wp\/v2\/pages\/26213\/revisions\/26650"}],"wp:attachment":[{"href":"https:\/\/www.hotel-castri.com\/de\/wp-json\/wp\/v2\/media?parent=26213"}],"curies":[{"name":"wp","href":"https:\/\/api.w.org\/{rel}","templated":true}]}}