{"id":26201,"date":"2018-05-10T17:28:13","date_gmt":"2018-05-10T16:28:13","guid":{"rendered":"https:\/\/www.hotel-castri.com\/booking-and-cancellation-policies\/"},"modified":"2023-01-28T10:03:17","modified_gmt":"2023-01-28T10:03:17","slug":"booking-and-cancellation-policies","status":"publish","type":"page","link":"https:\/\/www.hotel-castri.com\/de\/booking-and-cancellation-policies\/","title":{"rendered":"Stornokosten"},"content":{"rendered":"<p><strong>Reservierungs- und Stornierungsbedingungen<\/strong><\/p>\n<p>Buchung \/ Zahlung<\/p>\n<p>Reservierungen: F\u00fcr Online-Reservierungen ist w\u00e4hrend der Reservierung keine Anzahlung erforderlich. F\u00fcr eine telefonische Reservierung ist eine Anzahlung von 50 % des Gesamtwertes der Reservierung erforderlich.<\/p>\n<p>Zahlungen:<br \/>\nDie Zahlung erfolgt vor Ort.<br \/>\nStornierungen:<br \/>\nDamit die Stornierung g\u00fcltig ist, m\u00fcssen Sie sie per E-Mail senden, auf die Sie eine Antwort erhalten m\u00fcssen. (Telefonische Stornierungen gelten nicht als g\u00fcltig).<\/p>\n<p>Stornogeb\u00fchr:<br \/>\nKostenlos bis 5 Tage vor Anreise.<br \/>\n4 bis 1 Tag vor Anreise 50 % des Reservierungspreises<br \/>\nBei Nichterscheinen 100 % des Reservierungspreises.<\/p>\n<p>Es wird darauf hingewiesen, dass f\u00fcr jede \u00dcbernachtung gem\u00e4\u00df dem neuen Gesetz 4389\/2016, Amtsblatt A 94-2016, Artikel 53, ab dem 1.1.2018 eine \u00dcbernachtungssteuer zugunsten der \u00f6ffentlichen Verwaltung f\u00fcr Tourismusunternehmen erhoben wird. Im Hotel Kastri m\u00fcssen Sie 0,50 Euro extra pro Nacht und Zimmer bezahlen (nicht pro Person).<\/p>\n","protected":false},"excerpt":{"rendered":"<p>Reservierungs- und Stornierungsbedingungen Buchung \/ Zahlung Reservierungen: F\u00fcr Online-Reservierungen ist w\u00e4hrend der Reservierung keine Anzahlung erforderlich. F\u00fcr eine telefonische Reservierung ist eine Anzahlung von 50 % des Gesamtwertes der Reservierung erforderlich. Zahlungen: Die Zahlung erfolgt vor Ort. Stornierungen: Damit die Stornierung g\u00fcltig ist, m\u00fcssen Sie sie per E-Mail senden, auf die Sie eine Antwort erhalten [&hellip;]<\/p>\n","protected":false},"author":1,"featured_media":0,"parent":0,"menu_order":0,"comment_status":"closed","ping_status":"closed","template":"","meta":{"_et_pb_use_builder":"","_et_pb_old_content":"","_et_gb_content_width":"","footnotes":""},"class_list":["post-26201","page","type-page","status-publish","hentry"],"_links":{"self":[{"href":"https:\/\/www.hotel-castri.com\/de\/wp-json\/wp\/v2\/pages\/26201","targetHints":{"allow":["GET"]}}],"collection":[{"href":"https:\/\/www.hotel-castri.com\/de\/wp-json\/wp\/v2\/pages"}],"about":[{"href":"https:\/\/www.hotel-castri.com\/de\/wp-json\/wp\/v2\/types\/page"}],"author":[{"embeddable":true,"href":"https:\/\/www.hotel-castri.com\/de\/wp-json\/wp\/v2\/users\/1"}],"replies":[{"embeddable":true,"href":"https:\/\/www.hotel-castri.com\/de\/wp-json\/wp\/v2\/comments?post=26201"}],"version-history":[{"count":4,"href":"https:\/\/www.hotel-castri.com\/de\/wp-json\/wp\/v2\/pages\/26201\/revisions"}],"predecessor-version":[{"id":26656,"href":"https:\/\/www.hotel-castri.com\/de\/wp-json\/wp\/v2\/pages\/26201\/revisions\/26656"}],"wp:attachment":[{"href":"https:\/\/www.hotel-castri.com\/de\/wp-json\/wp\/v2\/media?parent=26201"}],"curies":[{"name":"wp","href":"https:\/\/api.w.org\/{rel}","templated":true}]}}