{"id":26199,"date":"2018-05-10T17:30:48","date_gmt":"2018-05-10T16:30:48","guid":{"rendered":"https:\/\/www.hotel-castri.com\/imprint\/"},"modified":"2018-05-11T09:24:35","modified_gmt":"2018-05-11T08:24:35","slug":"imprint","status":"publish","type":"page","link":"https:\/\/www.hotel-castri.com\/de\/imprint\/","title":{"rendered":"Impressum"},"content":{"rendered":"<p><strong>Avgeri Ioanna<\/strong><br \/>\nKastri Hotel<br \/>\nSyggrou 23<br \/>\nGR-23054 Delphi<br \/>\nGreece<\/p>\n<p>VAT-ID \/ USt &#8211; ID: EL045762063<\/p>\n<p>Tel: 0030 22650 82238<br \/>\nFax: 0030 22650 82322<br \/>\nE-Mail: <a href=\"mailto:info@hotel-castri.com\">info@hotel-castri.com<\/a><\/p>\n<p><b>Buisiness Registeration Number:\u00a0<\/b><b>MHTE 1354K012A0065100<\/b><\/p>\n<p>&nbsp;<\/p>\n<h2 data-fontsize=\"26\" data-lineheight=\"27\">Haftungsausschluss<\/h2>\n<p>Trotz sorgf\u00e4ltiger Pr\u00fcfung k\u00f6nnen wir keine Haftung f\u00fcr die Inhalte externer Links \u00fcbernehmen. F\u00fcr den Inhalt diese Seiten sind ausschlie\u00dflich deren Betreiber verantwortlich.<\/p>\n<p>Informationen zur Online-Streitbeilegungsplattform:<\/p>\n<p>Online-Streitbeilegung gem\u00e4\u00df Art. 14 Abs. 1 ODR-VO: Die Europ\u00e4ische Kommission stellt eine Plattform zur Online-Streitbeilegung (OS) bereit, die Sie unter\u00a0<a href=\"http:\/\/ec.europa.eu\/consumers\/odr\/\">http:\/\/ec.europa.eu\/consumers\/odr\/<\/a>\u00a0finden.<\/p>\n","protected":false},"excerpt":{"rendered":"<p>Avgeri Ioanna Kastri Hotel Syggrou 23 GR-23054 Delphi Greece VAT-ID \/ USt &#8211; ID: EL045762063 Tel: 0030 22650 82238 Fax: 0030 22650 82322 E-Mail: info@hotel-castri.com Buisiness Registeration Number:\u00a0MHTE 1354K012A0065100 &nbsp; Haftungsausschluss Trotz sorgf\u00e4ltiger Pr\u00fcfung k\u00f6nnen wir keine Haftung f\u00fcr die Inhalte externer Links \u00fcbernehmen. F\u00fcr den Inhalt diese Seiten sind ausschlie\u00dflich deren Betreiber verantwortlich. Informationen [&hellip;]<\/p>\n","protected":false},"author":1,"featured_media":0,"parent":0,"menu_order":0,"comment_status":"closed","ping_status":"closed","template":"","meta":{"_et_pb_use_builder":"","_et_pb_old_content":"","_et_gb_content_width":"","footnotes":""},"class_list":["post-26199","page","type-page","status-publish","hentry"],"_links":{"self":[{"href":"https:\/\/www.hotel-castri.com\/de\/wp-json\/wp\/v2\/pages\/26199","targetHints":{"allow":["GET"]}}],"collection":[{"href":"https:\/\/www.hotel-castri.com\/de\/wp-json\/wp\/v2\/pages"}],"about":[{"href":"https:\/\/www.hotel-castri.com\/de\/wp-json\/wp\/v2\/types\/page"}],"author":[{"embeddable":true,"href":"https:\/\/www.hotel-castri.com\/de\/wp-json\/wp\/v2\/users\/1"}],"replies":[{"embeddable":true,"href":"https:\/\/www.hotel-castri.com\/de\/wp-json\/wp\/v2\/comments?post=26199"}],"version-history":[{"count":3,"href":"https:\/\/www.hotel-castri.com\/de\/wp-json\/wp\/v2\/pages\/26199\/revisions"}],"predecessor-version":[{"id":26281,"href":"https:\/\/www.hotel-castri.com\/de\/wp-json\/wp\/v2\/pages\/26199\/revisions\/26281"}],"wp:attachment":[{"href":"https:\/\/www.hotel-castri.com\/de\/wp-json\/wp\/v2\/media?parent=26199"}],"curies":[{"name":"wp","href":"https:\/\/api.w.org\/{rel}","templated":true}]}}